{"id":25,"date":"2025-04-26T18:17:52","date_gmt":"2025-04-26T18:17:52","guid":{"rendered":"https:\/\/mfs-franken.de\/?page_id=25"},"modified":"2025-04-27T16:41:23","modified_gmt":"2025-04-27T16:41:23","slug":"articles","status":"publish","type":"page","link":"https:\/\/mfs-franken.de\/de\/articles\/","title":{"rendered":"Articles"},"content":{"rendered":"<div data-elementor-type=\"wp-page\" data-elementor-id=\"25\" class=\"elementor elementor-25\" data-elementor-post-type=\"page\">\n\t\t\t\t<div class=\"elementor-element elementor-element-cae2c2f e-flex e-con-boxed e-con e-parent\" data-id=\"cae2c2f\" data-element_type=\"container\" data-settings=\"{&quot;background_background&quot;:&quot;classic&quot;}\">\n\t\t\t\t\t<div class=\"e-con-inner\">\n\t\t\t\t\t<\/div>\n\t\t\t\t<\/div>\n\t\t<div class=\"elementor-element elementor-element-2f5c4d5 e-flex e-con-boxed e-con e-parent\" data-id=\"2f5c4d5\" data-element_type=\"container\">\n\t\t\t\t\t<div class=\"e-con-inner\">\n\t\t<div class=\"elementor-element elementor-element-e06548e e-con-full e-flex e-con e-child\" data-id=\"e06548e\" data-element_type=\"container\">\n\t\t\t\t<div class=\"elementor-element elementor-element-4517731 elementor-widget elementor-widget-heading\" data-id=\"4517731\" data-element_type=\"widget\" data-widget_type=\"heading.default\">\n\t\t\t\t<div class=\"elementor-widget-container\">\n\t\t\t\t\t<h2 class=\"elementor-heading-title elementor-size-default\">Explore the Latest News Expert Insights and Academy Highlights<\/h2>\t\t\t\t<\/div>\n\t\t\t\t<\/div>\n\t\t\t\t<\/div>\n\t\t\t\t<div class=\"elementor-element elementor-element-5f6e7ff elementor-grid-2 elementor-grid-tablet-2 elementor-grid-mobile-1 elementor-posts--thumbnail-top elementor-posts__hover-gradient elementor-widget elementor-widget-posts\" data-id=\"5f6e7ff\" data-element_type=\"widget\" data-settings=\"{&quot;cards_columns&quot;:&quot;2&quot;,&quot;cards_columns_tablet&quot;:&quot;2&quot;,&quot;cards_columns_mobile&quot;:&quot;1&quot;,&quot;cards_row_gap&quot;:{&quot;unit&quot;:&quot;px&quot;,&quot;size&quot;:35,&quot;sizes&quot;:[]},&quot;cards_row_gap_tablet&quot;:{&quot;unit&quot;:&quot;px&quot;,&quot;size&quot;:&quot;&quot;,&quot;sizes&quot;:[]},&quot;cards_row_gap_mobile&quot;:{&quot;unit&quot;:&quot;px&quot;,&quot;size&quot;:&quot;&quot;,&quot;sizes&quot;:[]}}\" data-widget_type=\"posts.cards\">\n\t\t\t\t<div class=\"elementor-widget-container\">\n\t\t\t\t\t\t\t<div class=\"elementor-posts-container elementor-posts elementor-posts--skin-cards elementor-grid\">\n\t\t\t\t<article class=\"elementor-post elementor-grid-item post-206 post type-post status-publish format-standard has-post-thumbnail hentry category-uncategorized\">\n\t\t\t<div class=\"elementor-post__card\">\n\t\t\t\t<a class=\"elementor-post__thumbnail__link\" href=\"https:\/\/mfs-franken.de\/de\/2025\/04\/27\/celebrating-success-highlights-from-our-latest-champions\/\" tabindex=\"-1\" ><div class=\"elementor-post__thumbnail\"><img fetchpriority=\"high\" decoding=\"async\" width=\"300\" height=\"200\" src=\"https:\/\/mfs-franken.de\/wp-content\/uploads\/2025\/04\/pexels-anastasia-shuraeva-9519511-300x200.jpg\" class=\"attachment-medium size-medium wp-image-163\" alt=\"\" srcset=\"https:\/\/mfs-franken.de\/wp-content\/uploads\/2025\/04\/pexels-anastasia-shuraeva-9519511-300x200.jpg 300w, https:\/\/mfs-franken.de\/wp-content\/uploads\/2025\/04\/pexels-anastasia-shuraeva-9519511.jpg 640w\" sizes=\"(max-width: 300px) 100vw, 300px\" \/><\/div><\/a>\n\t\t\t\t<div class=\"elementor-post__text\">\n\t\t\t\t<h6 class=\"elementor-post__title\">\n\t\t\t<a href=\"https:\/\/mfs-franken.de\/de\/2025\/04\/27\/celebrating-success-highlights-from-our-latest-champions\/\" >\n\t\t\t\tCelebrating Success: Highlights from Our Latest Champions\t\t\t<\/a>\n\t\t<\/h6>\n\t\t\t\t<div class=\"elementor-post__excerpt\">\n\t\t\t<p>These outstanding players embody the spirit and skills developed at MFS Franken.<\/p>\n\t\t<\/div>\n\t\t\t\t\t<div class=\"elementor-post__read-more-wrapper\">\n\t\t\n\t\t<a class=\"elementor-post__read-more\" href=\"https:\/\/mfs-franken.de\/de\/2025\/04\/27\/celebrating-success-highlights-from-our-latest-champions\/\" aria-label=\"Read more about Celebrating Success: Highlights from Our Latest Champions\" tabindex=\"-1\" >\n\t\t\tRead More \u00bb\t\t<\/a>\n\n\t\t\t\t\t<\/div>\n\t\t\t\t<\/div>\n\t\t\t\t<div class=\"elementor-post__meta-data\">\n\t\t\t\t\t<span class=\"elementor-post-date\">\n\t\t\tApril 27, 2025\t\t<\/span>\n\t\t\t\t<span class=\"elementor-post-avatar\">\n\t\t\tKeine Kommentare\t\t<\/span>\n\t\t\t\t<\/div>\n\t\t\t\t\t<\/div>\n\t\t<\/article>\n\t\t\t\t<article class=\"elementor-post elementor-grid-item post-204 post type-post status-publish format-standard has-post-thumbnail hentry category-uncategorized\">\n\t\t\t<div class=\"elementor-post__card\">\n\t\t\t\t<a class=\"elementor-post__thumbnail__link\" href=\"https:\/\/mfs-franken.de\/de\/2025\/04\/27\/how-our-coaches-shape-tomorrows-football-stars\/\" tabindex=\"-1\" ><div class=\"elementor-post__thumbnail\"><img decoding=\"async\" width=\"300\" height=\"200\" src=\"https:\/\/mfs-franken.de\/wp-content\/uploads\/2025\/04\/pexels-anastasia-shuraeva-9517938-300x200.jpg\" class=\"attachment-medium size-medium wp-image-164\" alt=\"\" srcset=\"https:\/\/mfs-franken.de\/wp-content\/uploads\/2025\/04\/pexels-anastasia-shuraeva-9517938-300x200.jpg 300w, https:\/\/mfs-franken.de\/wp-content\/uploads\/2025\/04\/pexels-anastasia-shuraeva-9517938.jpg 640w\" sizes=\"(max-width: 300px) 100vw, 300px\" \/><\/div><\/a>\n\t\t\t\t<div class=\"elementor-post__text\">\n\t\t\t\t<h6 class=\"elementor-post__title\">\n\t\t\t<a href=\"https:\/\/mfs-franken.de\/de\/2025\/04\/27\/how-our-coaches-shape-tomorrows-football-stars\/\" >\n\t\t\t\tHow Our Coaches Shape Tomorrow\u2019s Football Stars\t\t\t<\/a>\n\t\t<\/h6>\n\t\t\t\t<div class=\"elementor-post__excerpt\">\n\t\t\t<p>Meet the mentors who inspire, challenge, and support our players every step of the way.<\/p>\n\t\t<\/div>\n\t\t\t\t\t<div class=\"elementor-post__read-more-wrapper\">\n\t\t\n\t\t<a class=\"elementor-post__read-more\" href=\"https:\/\/mfs-franken.de\/de\/2025\/04\/27\/how-our-coaches-shape-tomorrows-football-stars\/\" aria-label=\"Read more about How Our Coaches Shape Tomorrow\u2019s Football Stars\" tabindex=\"-1\" >\n\t\t\tRead More \u00bb\t\t<\/a>\n\n\t\t\t\t\t<\/div>\n\t\t\t\t<\/div>\n\t\t\t\t<div class=\"elementor-post__meta-data\">\n\t\t\t\t\t<span class=\"elementor-post-date\">\n\t\t\tApril 27, 2025\t\t<\/span>\n\t\t\t\t<span class=\"elementor-post-avatar\">\n\t\t\tKeine Kommentare\t\t<\/span>\n\t\t\t\t<\/div>\n\t\t\t\t\t<\/div>\n\t\t<\/article>\n\t\t\t\t<article class=\"elementor-post elementor-grid-item post-202 post type-post status-publish format-standard has-post-thumbnail hentry category-uncategorized\">\n\t\t\t<div class=\"elementor-post__card\">\n\t\t\t\t<a class=\"elementor-post__thumbnail__link\" href=\"https:\/\/mfs-franken.de\/de\/2025\/04\/27\/behind-the-scenes-a-day-at-mfs-franken-holiday-camps\/\" tabindex=\"-1\" ><div class=\"elementor-post__thumbnail\"><img decoding=\"async\" width=\"300\" height=\"200\" src=\"https:\/\/mfs-franken.de\/wp-content\/uploads\/2025\/04\/pexels-rdne-7187827-300x200.jpg\" class=\"attachment-medium size-medium wp-image-162\" alt=\"\" srcset=\"https:\/\/mfs-franken.de\/wp-content\/uploads\/2025\/04\/pexels-rdne-7187827-300x200.jpg 300w, https:\/\/mfs-franken.de\/wp-content\/uploads\/2025\/04\/pexels-rdne-7187827.jpg 640w\" sizes=\"(max-width: 300px) 100vw, 300px\" \/><\/div><\/a>\n\t\t\t\t<div class=\"elementor-post__text\">\n\t\t\t\t<h6 class=\"elementor-post__title\">\n\t\t\t<a href=\"https:\/\/mfs-franken.de\/de\/2025\/04\/27\/behind-the-scenes-a-day-at-mfs-franken-holiday-camps\/\" >\n\t\t\t\tBehind the Scenes: A Day at MFS Franken Holiday Camps\t\t\t<\/a>\n\t\t<\/h6>\n\t\t\t\t<div class=\"elementor-post__excerpt\">\n\t\t\t<p>Take a closer look at the excitement and learning packed into every camp session.<\/p>\n\t\t<\/div>\n\t\t\t\t\t<div class=\"elementor-post__read-more-wrapper\">\n\t\t\n\t\t<a class=\"elementor-post__read-more\" href=\"https:\/\/mfs-franken.de\/de\/2025\/04\/27\/behind-the-scenes-a-day-at-mfs-franken-holiday-camps\/\" aria-label=\"Read more about Behind the Scenes: A Day at MFS Franken Holiday Camps\" tabindex=\"-1\" >\n\t\t\tRead More \u00bb\t\t<\/a>\n\n\t\t\t\t\t<\/div>\n\t\t\t\t<\/div>\n\t\t\t\t<div class=\"elementor-post__meta-data\">\n\t\t\t\t\t<span class=\"elementor-post-date\">\n\t\t\tApril 27, 2025\t\t<\/span>\n\t\t\t\t<span class=\"elementor-post-avatar\">\n\t\t\tKeine Kommentare\t\t<\/span>\n\t\t\t\t<\/div>\n\t\t\t\t\t<\/div>\n\t\t<\/article>\n\t\t\t\t<article class=\"elementor-post elementor-grid-item post-199 post type-post status-publish format-standard has-post-thumbnail hentry category-uncategorized\">\n\t\t\t<div class=\"elementor-post__card\">\n\t\t\t\t<a class=\"elementor-post__thumbnail__link\" href=\"https:\/\/mfs-franken.de\/de\/2025\/04\/27\/building-strong-foundations-why-early-technical-training-matters\/\" tabindex=\"-1\" ><div class=\"elementor-post__thumbnail\"><img loading=\"lazy\" decoding=\"async\" width=\"300\" height=\"200\" src=\"https:\/\/mfs-franken.de\/wp-content\/uploads\/2025\/04\/pexels-kampus-8941617-300x200.jpg\" class=\"attachment-medium size-medium wp-image-161\" alt=\"\" srcset=\"https:\/\/mfs-franken.de\/wp-content\/uploads\/2025\/04\/pexels-kampus-8941617-300x200.jpg 300w, https:\/\/mfs-franken.de\/wp-content\/uploads\/2025\/04\/pexels-kampus-8941617.jpg 640w\" sizes=\"(max-width: 300px) 100vw, 300px\" \/><\/div><\/a>\n\t\t\t\t<div class=\"elementor-post__text\">\n\t\t\t\t<h6 class=\"elementor-post__title\">\n\t\t\t<a href=\"https:\/\/mfs-franken.de\/de\/2025\/04\/27\/building-strong-foundations-why-early-technical-training-matters\/\" >\n\t\t\t\tBuilding Strong Foundations: Why Early Technical Training Matters\t\t\t<\/a>\n\t\t<\/h6>\n\t\t\t\t<div class=\"elementor-post__excerpt\">\n\t\t\t<p>Early skill development lays the groundwork for long-term football success.<\/p>\n\t\t<\/div>\n\t\t\t\t\t<div class=\"elementor-post__read-more-wrapper\">\n\t\t\n\t\t<a class=\"elementor-post__read-more\" href=\"https:\/\/mfs-franken.de\/de\/2025\/04\/27\/building-strong-foundations-why-early-technical-training-matters\/\" aria-label=\"Read more about Building Strong Foundations: Why Early Technical Training Matters\" tabindex=\"-1\" >\n\t\t\tRead More \u00bb\t\t<\/a>\n\n\t\t\t\t\t<\/div>\n\t\t\t\t<\/div>\n\t\t\t\t<div class=\"elementor-post__meta-data\">\n\t\t\t\t\t<span class=\"elementor-post-date\">\n\t\t\tApril 27, 2025\t\t<\/span>\n\t\t\t\t<span class=\"elementor-post-avatar\">\n\t\t\tKeine Kommentare\t\t<\/span>\n\t\t\t\t<\/div>\n\t\t\t\t\t<\/div>\n\t\t<\/article>\n\t\t\t\t<\/div>\n\t\t\n\t\t\t\t\t\t<\/div>\n\t\t\t\t<\/div>\n\t\t\t\t\t<\/div>\n\t\t\t\t<\/div>\n\t\t<div class=\"elementor-element elementor-element-15c1a14 e-flex e-con-boxed e-con e-parent\" data-id=\"15c1a14\" data-element_type=\"container\" data-settings=\"{&quot;background_background&quot;:&quot;classic&quot;}\">\n\t\t\t\t\t<div class=\"e-con-inner\">\n\t\t<div class=\"elementor-element elementor-element-052c506 e-con-full e-flex e-con e-child\" data-id=\"052c506\" data-element_type=\"container\">\n\t\t\t\t<div class=\"elementor-element elementor-element-1b4d9e1 elementor-widget elementor-widget-heading\" data-id=\"1b4d9e1\" data-element_type=\"widget\" data-widget_type=\"heading.default\">\n\t\t\t\t<div class=\"elementor-widget-container\">\n\t\t\t\t\t<h2 class=\"elementor-heading-title elementor-size-default\">BRINGE DEIN SPIEL AUF DAS N\u00c4CHSTE LEVEL<\/h2>\t\t\t\t<\/div>\n\t\t\t\t<\/div>\n\t\t\t\t<div class=\"elementor-element elementor-element-777f4cd elementor-widget elementor-widget-text-editor\" data-id=\"777f4cd\" data-element_type=\"widget\" data-widget_type=\"text-editor.default\">\n\t\t\t\t<div class=\"elementor-widget-container\">\n\t\t\t\t\t\t\t\t\tWerden Sie noch heute Mitglied unserer Akademie und erleben Sie ein Training, das technische Exzellenz mit Pers\u00f6nlichkeitsentwicklung verbindet. Die Pl\u00e4tze f\u00fcr unsere n\u00e4chsten Kurse sind begrenzt.\t\t\t\t\t\t\t\t<\/div>\n\t\t\t\t<\/div>\n\t\t\t\t<\/div>\n\t\t<div class=\"elementor-element elementor-element-956ad7f e-con-full e-flex e-con e-child\" data-id=\"956ad7f\" data-element_type=\"container\">\n\t\t\t\t<div class=\"elementor-element elementor-element-29e48d9 elementor-widget elementor-widget-button\" data-id=\"29e48d9\" data-element_type=\"widget\" data-widget_type=\"button.default\">\n\t\t\t\t<div class=\"elementor-widget-container\">\n\t\t\t\t\t\t\t\t\t<div class=\"elementor-button-wrapper\">\n\t\t\t\t\t<a class=\"elementor-button elementor-button-link elementor-size-sm\" href=\"#\">\n\t\t\t\t\t\t<span class=\"elementor-button-content-wrapper\">\n\t\t\t\t\t\t\t\t\t<span class=\"elementor-button-text\">Jetzt Buchen<\/span>\n\t\t\t\t\t<\/span>\n\t\t\t\t\t<\/a>\n\t\t\t\t<\/div>\n\t\t\t\t\t\t\t\t<\/div>\n\t\t\t\t<\/div>\n\t\t\t\t<\/div>\n\t\t\t\t\t<\/div>\n\t\t\t\t<\/div>\n\t\t\t\t<\/div>","protected":false},"excerpt":{"rendered":"<p>Explore the Latest News Expert Insights and Academy Highlights Take Your Game to the Next Level Join our academy today and experience training that combines technical excellence with character development. Spaces are limited for our upcoming sessions. Register Now<\/p>","protected":false},"author":1,"featured_media":0,"parent":0,"menu_order":0,"comment_status":"closed","ping_status":"closed","template":"","meta":{"footnotes":""},"class_list":["post-25","page","type-page","status-publish","hentry"],"_links":{"self":[{"href":"https:\/\/mfs-franken.de\/de\/wp-json\/wp\/v2\/pages\/25","targetHints":{"allow":["GET"]}}],"collection":[{"href":"https:\/\/mfs-franken.de\/de\/wp-json\/wp\/v2\/pages"}],"about":[{"href":"https:\/\/mfs-franken.de\/de\/wp-json\/wp\/v2\/types\/page"}],"author":[{"embeddable":true,"href":"https:\/\/mfs-franken.de\/de\/wp-json\/wp\/v2\/users\/1"}],"replies":[{"embeddable":true,"href":"https:\/\/mfs-franken.de\/de\/wp-json\/wp\/v2\/comments?post=25"}],"version-history":[{"count":7,"href":"https:\/\/mfs-franken.de\/de\/wp-json\/wp\/v2\/pages\/25\/revisions"}],"predecessor-version":[{"id":360,"href":"https:\/\/mfs-franken.de\/de\/wp-json\/wp\/v2\/pages\/25\/revisions\/360"}],"wp:attachment":[{"href":"https:\/\/mfs-franken.de\/de\/wp-json\/wp\/v2\/media?parent=25"}],"curies":[{"name":"wp","href":"https:\/\/api.w.org\/{rel}","templated":true}]}}