{"id":23,"date":"2025-04-26T18:16:24","date_gmt":"2025-04-26T18:16:24","guid":{"rendered":"https:\/\/mfs-franken.de\/?page_id=23"},"modified":"2025-05-14T12:24:11","modified_gmt":"2025-05-14T12:24:11","slug":"contact-us","status":"publish","type":"page","link":"https:\/\/mfs-franken.de\/de\/contact-us\/","title":{"rendered":"Kontakt"},"content":{"rendered":"<div data-elementor-type=\"wp-page\" data-elementor-id=\"23\" class=\"elementor elementor-23\" data-elementor-post-type=\"page\">\n\t\t\t\t<div class=\"elementor-element elementor-element-26f5e89 e-flex e-con-boxed e-con e-parent\" data-id=\"26f5e89\" data-element_type=\"container\" data-settings=\"{&quot;background_background&quot;:&quot;classic&quot;}\">\n\t\t\t\t\t<div class=\"e-con-inner\">\n\t\t\t\t\t<\/div>\n\t\t\t\t<\/div>\n\t\t<div class=\"elementor-element elementor-element-3f0c833 e-flex e-con-boxed e-con e-parent\" data-id=\"3f0c833\" data-element_type=\"container\">\n\t\t\t\t\t<div class=\"e-con-inner\">\n\t\t<div class=\"elementor-element elementor-element-d434396 e-con-full e-flex e-con e-child\" data-id=\"d434396\" data-element_type=\"container\">\n\t\t\t\t<div class=\"elementor-element elementor-element-9903d93 elementor-widget elementor-widget-heading\" data-id=\"9903d93\" data-element_type=\"widget\" data-widget_type=\"heading.default\">\n\t\t\t\t<div class=\"elementor-widget-container\">\n\t\t\t\t\t<h2 class=\"elementor-heading-title elementor-size-default\">Bleiben wir in Verbindung<\/h2>\t\t\t\t<\/div>\n\t\t\t\t<\/div>\n\t\t<div class=\"elementor-element elementor-element-35cafcd e-con-full e-flex e-con e-child\" data-id=\"35cafcd\" data-element_type=\"container\">\n\t\t\t\t<div class=\"elementor-element elementor-element-dddca32 elementor-widget elementor-widget-heading\" data-id=\"dddca32\" data-element_type=\"widget\" data-widget_type=\"heading.default\">\n\t\t\t\t<div class=\"elementor-widget-container\">\n\t\t\t\t\t<h2 class=\"elementor-heading-title elementor-size-default\">Telefonnummer<\/h2>\t\t\t\t<\/div>\n\t\t\t\t<\/div>\n\t\t\t\t<div class=\"elementor-element elementor-element-5cdf0f6 elementor-widget elementor-widget-text-editor\" data-id=\"5cdf0f6\" data-element_type=\"widget\" data-widget_type=\"text-editor.default\">\n\t\t\t\t<div class=\"elementor-widget-container\">\n\t\t\t\t\t\t\t\t\t+49 1512 7192445\n\t\t\t\t\t\t\t\t<\/div>\n\t\t\t\t<\/div>\n\t\t\t\t<\/div>\n\t\t<div class=\"elementor-element elementor-element-24bb3b4 e-con-full e-flex e-con e-child\" data-id=\"24bb3b4\" data-element_type=\"container\">\n\t\t\t\t<div class=\"elementor-element elementor-element-61445a3 elementor-widget elementor-widget-heading\" data-id=\"61445a3\" data-element_type=\"widget\" data-widget_type=\"heading.default\">\n\t\t\t\t<div class=\"elementor-widget-container\">\n\t\t\t\t\t<h2 class=\"elementor-heading-title elementor-size-default\">E-Mail-Adresse<\/h2>\t\t\t\t<\/div>\n\t\t\t\t<\/div>\n\t\t\t\t<div class=\"elementor-element elementor-element-2a1fead elementor-widget elementor-widget-text-editor\" data-id=\"2a1fead\" data-element_type=\"widget\" data-widget_type=\"text-editor.default\">\n\t\t\t\t<div class=\"elementor-widget-container\">\n\t\t\t\t\t\t\t\t\tinfo@mfs-franken.de\t\t\t\t\t\t\t\t<\/div>\n\t\t\t\t<\/div>\n\t\t\t\t<\/div>\n\t\t<div class=\"elementor-element elementor-element-af1041c e-con-full e-flex e-con e-child\" data-id=\"af1041c\" data-element_type=\"container\">\n\t\t\t\t<div class=\"elementor-element elementor-element-c95eb29 elementor-widget elementor-widget-heading\" data-id=\"c95eb29\" data-element_type=\"widget\" data-widget_type=\"heading.default\">\n\t\t\t\t<div class=\"elementor-widget-container\">\n\t\t\t\t\t<h2 class=\"elementor-heading-title elementor-size-default\">Standort<\/h2>\t\t\t\t<\/div>\n\t\t\t\t<\/div>\n\t\t\t\t<div class=\"elementor-element elementor-element-1dd848f elementor-widget elementor-widget-text-editor\" data-id=\"1dd848f\" data-element_type=\"widget\" data-widget_type=\"text-editor.default\">\n\t\t\t\t<div class=\"elementor-widget-container\">\n\t\t\t\t\t\t\t\t\t<p>Future of Coaches GmbH<br \/>Hauptstra\u00dfe 5a<br \/>86356 Neus\u00e4\u00df<\/p>\t\t\t\t\t\t\t\t<\/div>\n\t\t\t\t<\/div>\n\t\t\t\t<div class=\"elementor-element elementor-element-f0ed004 elementor-hidden-desktop elementor-hidden-tablet elementor-hidden-mobile elementor-widget elementor-widget-google_maps\" data-id=\"f0ed004\" data-element_type=\"widget\" data-widget_type=\"google_maps.default\">\n\t\t\t\t<div class=\"elementor-widget-container\">\n\t\t\t\t\t\t\t<div class=\"elementor-custom-embed\">\n\t\t\t<iframe loading=\"lazy\"\n\t\t\t\t\tsrc=\"https:\/\/maps.google.com\/maps?q=franken&#038;t=m&#038;z=13&#038;output=embed&#038;iwloc=near\"\n\t\t\t\t\ttitle=\"franken\"\n\t\t\t\t\taria-label=\"franken\"\n\t\t\t><\/iframe>\n\t\t<\/div>\n\t\t\t\t\t\t<\/div>\n\t\t\t\t<\/div>\n\t\t\t\t<\/div>\n\t\t\t\t<\/div>\n\t\t<div class=\"elementor-element elementor-element-00877a6 e-con-full e-flex e-con e-child\" data-id=\"00877a6\" data-element_type=\"container\">\n\t\t\t\t<div class=\"elementor-element elementor-element-e8f2310 elementor-widget elementor-widget-shortcode\" data-id=\"e8f2310\" data-element_type=\"widget\" data-widget_type=\"shortcode.default\">\n\t\t\t\t<div class=\"elementor-widget-container\">\n\t\t\t\t\t\t\t<div class=\"elementor-shortcode\"><iframe class=\"classcard-embed\" style=\"background: white; border: 1px solid #ccc;\" src=\"https:\/\/app.classcardapp.com\/forms?id=8e41b427c632c3558b0f238aab7b229fa48fe99175dd592cb3a54f07e492344f&amp;type=lead\" width=\"100%\" height=\"817\" frameborder=\"0\"><span data-mce-type=\"bookmark\" style=\"display: inline-block; width: 0px; overflow: hidden; line-height: 0;\" class=\"mce_SELRES_start\"><\/span><span data-mce-type=\"bookmark\" style=\"display: inline-block; width: 0px; overflow: hidden; line-height: 0;\" class=\"mce_SELRES_start\"><\/span><\/iframe><\/div>\n\t\t\t\t\t\t<\/div>\n\t\t\t\t<\/div>\n\t\t\t\t<\/div>\n\t\t\t\t\t<\/div>\n\t\t\t\t<\/div>\n\t\t\t\t<\/div>","protected":false},"excerpt":{"rendered":"<p>Let&#8217;s get Connected Phone Number +49 1512 7192445 Email Address info@mfs-franken.de Location Future of Coaches GmbHHauptstra\u00dfe 5a86356 Neus\u00e4\u00df <\/p>","protected":false},"author":1,"featured_media":0,"parent":0,"menu_order":0,"comment_status":"closed","ping_status":"closed","template":"","meta":{"footnotes":""},"class_list":["post-23","page","type-page","status-publish","hentry"],"_links":{"self":[{"href":"https:\/\/mfs-franken.de\/de\/wp-json\/wp\/v2\/pages\/23","targetHints":{"allow":["GET"]}}],"collection":[{"href":"https:\/\/mfs-franken.de\/de\/wp-json\/wp\/v2\/pages"}],"about":[{"href":"https:\/\/mfs-franken.de\/de\/wp-json\/wp\/v2\/types\/page"}],"author":[{"embeddable":true,"href":"https:\/\/mfs-franken.de\/de\/wp-json\/wp\/v2\/users\/1"}],"replies":[{"embeddable":true,"href":"https:\/\/mfs-franken.de\/de\/wp-json\/wp\/v2\/comments?post=23"}],"version-history":[{"count":40,"href":"https:\/\/mfs-franken.de\/de\/wp-json\/wp\/v2\/pages\/23\/revisions"}],"predecessor-version":[{"id":1842,"href":"https:\/\/mfs-franken.de\/de\/wp-json\/wp\/v2\/pages\/23\/revisions\/1842"}],"wp:attachment":[{"href":"https:\/\/mfs-franken.de\/de\/wp-json\/wp\/v2\/media?parent=23"}],"curies":[{"name":"wp","href":"https:\/\/api.w.org\/{rel}","templated":true}]}}